{"id":716,"date":"2016-04-03T14:15:59","date_gmt":"2016-04-03T14:15:59","guid":{"rendered":"http:\/\/st-justus.ch\/?page_id=716"},"modified":"2025-10-20T14:36:28","modified_gmt":"2025-10-20T14:36:28","slug":"pios","status":"publish","type":"page","link":"https:\/\/st-justus.ch\/?page_id=716","title":{"rendered":"Piostufe"},"content":{"rendered":"<p style=\"line-height: 18.0pt; orphans: auto; widows: 1; -webkit-text-stroke-width: 0px; word-spacing: 0px; margin: 0cm 0cm 9.0pt 0cm;\"><span id=\"parent-fieldname-description\"><strong>Bist du zwischen 16-18<\/strong><strong>\u00a0Jahre alt?<\/strong><br \/>Dann kannst du bei den Pios mitmachen. Als Mitglied der Pio-Stufe wirst du\u00a0Pio<br \/>genannt.<\/span><\/p>\n<p>Bist du bereit f\u00fcr neue Pfadi-Herausforderungen? In der Piostufe kannst du die Pfadi neu entdecken \u2013 ganz unter Gleichaltrigen. Im Gegensatz zur Pfadistufe helfen wir den Leiter wenn n\u00f6tig bei den Aktivit\u00e4ten mit. Zusammen mit den Rover machen wir die verr\u00fccktesten Unternehmungen. Im Sommerlager planen wir selbst\u00e4ndig unter der Aufsicht des Lagerleiters einen Nachmittag f\u00fcr die <a href=\"https:\/\/st-justus.ch\/?page_id=714\">Pfadistufe.<\/a><\/p>\n<p>Bei den Pios haben wir viel Freiraum. Wir sind aber auch selbst daf\u00fcr verantwortlich, unsere Piozeit sinnvoll zu gestalten. Weil wir uns als ganze Equipe dieser Herausforderung stellen und dabei nie auslernen, heisst unser Wahlspruch \u201ez\u00e4m\u00e4 wiiter\u201c.<\/p>\n<p>An nationalen und internationalen Anl\u00e4ssen kannst du viele Jugendliche in deinem Alter treffen und neue Freundschaften kn\u00fcpfen.<\/p>\n<p>Nachdem du zwei bis drei Jahre bei den Pios aktiv gewesen bist, wirst du in den andern Stufen schnuppern gehen und neue Herausforderungen suchen: Du schl\u00e4gst als<span class=\"apple-converted-space\">\u00a0<\/span><span style=\"color: windowtext; text-decoration: none; text-underline: none;\"><a href=\"https:\/\/st-justus.ch\/?page_id=720\">Rover<\/a><\/span><span class=\"apple-converted-space\">\u00a0<\/span>ein neues Kapitel in deinem Pfadileben auf und \u00fcbernimmst neue, spannende Aufgaben als Leiterin.<\/p>\n\n\n<figure class=\"wp-block-image alignwide size-large\"><a href=\"https:\/\/st-justus.ch\/wp-content\/uploads\/2024\/03\/PiosNala-1-scaled.jpg\"><img loading=\"lazy\" decoding=\"async\" width=\"1024\" height=\"683\" src=\"https:\/\/st-justus.ch\/wp-content\/uploads\/2024\/03\/PiosNala-1-1024x683.jpg\" alt=\"\" class=\"wp-image-4487\" srcset=\"https:\/\/st-justus.ch\/wp-content\/uploads\/2024\/03\/PiosNala-1-1024x683.jpg 1024w, https:\/\/st-justus.ch\/wp-content\/uploads\/2024\/03\/PiosNala-1-300x200.jpg 300w, https:\/\/st-justus.ch\/wp-content\/uploads\/2024\/03\/PiosNala-1-768x512.jpg 768w, https:\/\/st-justus.ch\/wp-content\/uploads\/2024\/03\/PiosNala-1-1536x1024.jpg 1536w, https:\/\/st-justus.ch\/wp-content\/uploads\/2024\/03\/PiosNala-1-2048x1365.jpg 2048w\" sizes=\"auto, (max-width: 1024px) 100vw, 1024px\" \/><\/a><\/figure>\n\n\n\n<div style=\"height:100px\" aria-hidden=\"true\" class=\"wp-block-spacer\"><\/div>\n\n\n\n<h3 class=\"wp-block-heading alignwide\">Stufenleiter<\/h3>\n\n\n\n<div class=\"wp-block-media-text alignwide\"><figure class=\"wp-block-media-text__media\"><img loading=\"lazy\" decoding=\"async\" width=\"683\" height=\"1024\" src=\"https:\/\/st-justus.ch\/wp-content\/uploads\/2025\/02\/Brumo_01-683x1024.jpg\" alt=\"\" class=\"wp-image-4980 size-full\" srcset=\"https:\/\/st-justus.ch\/wp-content\/uploads\/2025\/02\/Brumo_01-683x1024.jpg 683w, https:\/\/st-justus.ch\/wp-content\/uploads\/2025\/02\/Brumo_01-200x300.jpg 200w, https:\/\/st-justus.ch\/wp-content\/uploads\/2025\/02\/Brumo_01-768x1152.jpg 768w, https:\/\/st-justus.ch\/wp-content\/uploads\/2025\/02\/Brumo_01-1024x1536.jpg 1024w, https:\/\/st-justus.ch\/wp-content\/uploads\/2025\/02\/Brumo_01-1365x2048.jpg 1365w, https:\/\/st-justus.ch\/wp-content\/uploads\/2025\/02\/Brumo_01-scaled.jpg 1707w\" sizes=\"auto, (max-width: 683px) 100vw, 683px\" \/><\/figure><div class=\"wp-block-media-text__content\">\n<p class=\"has-medium-font-size\"><strong>Brumo<\/strong><br>Janik W\u00fcrth<br><\/p>\n<\/div><\/div>\n\n\n\n<div style=\"height:100px\" aria-hidden=\"true\" class=\"wp-block-spacer\"><\/div>\n\n\n\n<p><\/p>\n","protected":false},"excerpt":{"rendered":"<p>Bist du zwischen 16-18\u00a0Jahre alt?Dann kannst du bei den Pios mitmachen. Als Mitglied der Pio-Stufe wirst du\u00a0Piogenannt. Bist du bereit f\u00fcr neue Pfadi-Herausforderungen? In der Piostufe kannst du die Pfadi neu entdecken \u2013 ganz unter Gleichaltrigen. Im Gegensatz zur Pfadistufe helfen wir den Leiter wenn n\u00f6tig bei den Aktivit\u00e4ten mit. Zusammen mit den Rover machen &hellip; <a href=\"https:\/\/st-justus.ch\/?page_id=716\" class=\"more-link\"><span class=\"screen-reader-text\">Piostufe<\/span> weiterlesen <span class=\"meta-nav\">&rarr;<\/span><\/a><\/p>\n","protected":false},"author":5,"featured_media":0,"parent":706,"menu_order":0,"comment_status":"closed","ping_status":"closed","template":"","meta":{"footnotes":""},"class_list":["post-716","page","type-page","status-publish","hentry"],"_links":{"self":[{"href":"https:\/\/st-justus.ch\/index.php?rest_route=\/wp\/v2\/pages\/716","targetHints":{"allow":["GET"]}}],"collection":[{"href":"https:\/\/st-justus.ch\/index.php?rest_route=\/wp\/v2\/pages"}],"about":[{"href":"https:\/\/st-justus.ch\/index.php?rest_route=\/wp\/v2\/types\/page"}],"author":[{"embeddable":true,"href":"https:\/\/st-justus.ch\/index.php?rest_route=\/wp\/v2\/users\/5"}],"replies":[{"embeddable":true,"href":"https:\/\/st-justus.ch\/index.php?rest_route=%2Fwp%2Fv2%2Fcomments&post=716"}],"version-history":[{"count":9,"href":"https:\/\/st-justus.ch\/index.php?rest_route=\/wp\/v2\/pages\/716\/revisions"}],"predecessor-version":[{"id":5208,"href":"https:\/\/st-justus.ch\/index.php?rest_route=\/wp\/v2\/pages\/716\/revisions\/5208"}],"up":[{"embeddable":true,"href":"https:\/\/st-justus.ch\/index.php?rest_route=\/wp\/v2\/pages\/706"}],"wp:attachment":[{"href":"https:\/\/st-justus.ch\/index.php?rest_route=%2Fwp%2Fv2%2Fmedia&parent=716"}],"curies":[{"name":"wp","href":"https:\/\/api.w.org\/{rel}","templated":true}]}}