{"id":710,"date":"2016-04-03T14:01:06","date_gmt":"2016-04-03T14:01:06","guid":{"rendered":"http:\/\/st-justus.ch\/?page_id=710"},"modified":"2025-02-19T14:09:06","modified_gmt":"2025-02-19T14:09:06","slug":"biberstufe","status":"publish","type":"page","link":"https:\/\/st-justus.ch\/?page_id=710","title":{"rendered":"Biberstufe"},"content":{"rendered":"<p><!--\nTEST Sprung zu Leiter\n\n\n\n\n\n\n\n\n\n\n<h3 style=\"margin: 0cm 0cm 3.0pt 0cm;\"><a href=\"#Leiter:\">Leiter<\/a><\/h3>\n\n\n\n\n\n\n\n\n\n\n\n\n\n\n\n\n--><\/p>\n<p style=\"margin: 0cm 0cm 3.0pt 0cm;\"><strong>Bist du zwischen 4 &#8211;&nbsp;6<\/strong><strong>&nbsp;Jahre alt?<\/strong><br \/>Dann kannst du bei den Biber mitmachen. Als Mitglied der Biberstufe wirst du Biber<br \/>genannt.<\/p>\n<h6 style=\"line-height: 18.0pt; orphans: auto; widows: 1; -webkit-text-stroke-width: 0px; word-spacing: 0px; margin: 0cm 0cm 9.0pt 0cm;\"><span id=\"parent-fieldname-description\"><\/span><strong>Was erlebst du in der Biberstufe?<\/strong><\/h6>\n<p>Der Wahlspruch der Biberstufe lautet &#8222;Mit Freude dabei\u201c. Die Biber treffen sich ein- bis zweimal pro Monat an einem Samstag und sind gemeinsam mit ihren Leitern draussen unterwegs. Auf spielerische Weise werden sie dazu angeregt ihr Umfeld kennen zu lernen und Neues zu entdecken. Ihre Fantasie und Neugierde f\u00fchrt sie von Abenteuer zu Abenteuer, welche sie als Gruppe erleben.<\/p>\n<p>Betreut werden die Bibergruppen von Leiterinnen und Leitern welche die Verantwortung f\u00fcr das Programm und das Wohlergehen der Kinder tragen. Sie besuchen regelm\u00e4ssig stufenspezifische Ausbildungskurse um den Bed\u00fcrfnissen und F\u00e4higkeiten der Kinder gerecht zu werden.<\/p>\n<p>Nach zwei Jahren bei den Bibern haben die Kinder die M\u00f6glichkeit in die<span class=\"apple-converted-space\">&nbsp;<\/span><a href=\"https:\/\/st-justus.ch\/?page_id=712\"><span style=\"color: windowtext; text-decoration: none; text-underline: none;\">Wolfsstufe<\/span><\/a><span class=\"apple-converted-space\">&nbsp;<\/span>zu wechseln.<\/p>\n<hr>\n<p><a href=\"https:\/\/st-justus.ch\/wp-content\/uploads\/2016\/04\/biberstufe.jpg\" rel=\"attachment wp-att-780\"><img loading=\"lazy\" decoding=\"async\" class=\"alignnone wp-image-780 size-full\" src=\"https:\/\/st-justus.ch\/wp-content\/uploads\/2016\/04\/biberstufe.jpg\" alt=\"biberstufe\" width=\"960\" height=\"720\" srcset=\"https:\/\/st-justus.ch\/wp-content\/uploads\/2016\/04\/biberstufe.jpg 960w, https:\/\/st-justus.ch\/wp-content\/uploads\/2016\/04\/biberstufe-300x225.jpg 300w, https:\/\/st-justus.ch\/wp-content\/uploads\/2016\/04\/biberstufe-768x576.jpg 768w\" sizes=\"auto, (max-width: 960px) 100vw, 960px\" \/><\/a><\/p>\n\n\n<div style=\"height:100px\" aria-hidden=\"true\" class=\"wp-block-spacer\"><\/div>\n\n\n\n<h3 class=\"wp-block-heading\">Stufenleiter<\/h3>\n\n\n\n<div class=\"wp-block-media-text alignwide is-stacked-on-mobile\"><figure class=\"wp-block-media-text__media\"><img loading=\"lazy\" decoding=\"async\" width=\"683\" height=\"1024\" src=\"https:\/\/st-justus.ch\/wp-content\/uploads\/2024\/03\/Cirrus_01-1-683x1024.jpg\" alt=\"\" class=\"wp-image-4482 size-full\" srcset=\"https:\/\/st-justus.ch\/wp-content\/uploads\/2024\/03\/Cirrus_01-1-683x1024.jpg 683w, https:\/\/st-justus.ch\/wp-content\/uploads\/2024\/03\/Cirrus_01-1-200x300.jpg 200w, https:\/\/st-justus.ch\/wp-content\/uploads\/2024\/03\/Cirrus_01-1-768x1152.jpg 768w, https:\/\/st-justus.ch\/wp-content\/uploads\/2024\/03\/Cirrus_01-1-1024x1536.jpg 1024w, https:\/\/st-justus.ch\/wp-content\/uploads\/2024\/03\/Cirrus_01-1-1365x2048.jpg 1365w, https:\/\/st-justus.ch\/wp-content\/uploads\/2024\/03\/Cirrus_01-1-scaled.jpg 1707w\" sizes=\"auto, (max-width: 683px) 100vw, 683px\" \/><\/figure><div class=\"wp-block-media-text__content\">\n<p class=\"has-medium-font-size\"><strong>Cirrus<\/strong><br>Janik Aschwanden<\/p>\n\n\n\n<p><br>j.aschy21@gmail.com<\/p>\n<\/div><\/div>\n\n\n\n<div style=\"height:100px\" aria-hidden=\"true\" class=\"wp-block-spacer\"><\/div>\n\n\n\n<h3 class=\"wp-block-heading\">Leiter<\/h3>\n\n\n\n<div class=\"wp-block-media-text alignwide has-media-on-the-right is-stacked-on-mobile\"><div class=\"wp-block-media-text__content\">\n<p class=\"has-medium-font-size\"><strong>Smiley<\/strong><br>No\u00ebl Aschwanden<\/p>\n<\/div><figure class=\"wp-block-media-text__media\"><img loading=\"lazy\" decoding=\"async\" width=\"682\" height=\"1024\" src=\"https:\/\/st-justus.ch\/wp-content\/uploads\/2024\/03\/Smiley-1.jpg\" alt=\"\" class=\"wp-image-4496 size-full\" srcset=\"https:\/\/st-justus.ch\/wp-content\/uploads\/2024\/03\/Smiley-1.jpg 682w, https:\/\/st-justus.ch\/wp-content\/uploads\/2024\/03\/Smiley-1-200x300.jpg 200w\" sizes=\"auto, (max-width: 682px) 100vw, 682px\" \/><\/figure><\/div>\n\n\n\n<div class=\"wp-block-media-text alignwide is-stacked-on-mobile\"><figure class=\"wp-block-media-text__media\"><img loading=\"lazy\" decoding=\"async\" width=\"683\" height=\"1024\" src=\"https:\/\/st-justus.ch\/wp-content\/uploads\/2024\/03\/Tesoro_01-1-683x1024.jpg\" alt=\"\" class=\"wp-image-4484 size-full\" srcset=\"https:\/\/st-justus.ch\/wp-content\/uploads\/2024\/03\/Tesoro_01-1-683x1024.jpg 683w, https:\/\/st-justus.ch\/wp-content\/uploads\/2024\/03\/Tesoro_01-1-200x300.jpg 200w, https:\/\/st-justus.ch\/wp-content\/uploads\/2024\/03\/Tesoro_01-1-768x1152.jpg 768w, https:\/\/st-justus.ch\/wp-content\/uploads\/2024\/03\/Tesoro_01-1-1024x1536.jpg 1024w, https:\/\/st-justus.ch\/wp-content\/uploads\/2024\/03\/Tesoro_01-1-1365x2048.jpg 1365w, https:\/\/st-justus.ch\/wp-content\/uploads\/2024\/03\/Tesoro_01-1-scaled.jpg 1707w\" sizes=\"auto, (max-width: 683px) 100vw, 683px\" \/><\/figure><div class=\"wp-block-media-text__content\">\n<p class=\"has-medium-font-size\"><strong>Tesoro<\/strong><br>Xenia Aggeler<\/p>\n<\/div><\/div>\n","protected":false},"excerpt":{"rendered":"<p>Bist du zwischen 4 &#8211;&nbsp;6&nbsp;Jahre alt?Dann kannst du bei den Biber mitmachen. Als Mitglied der Biberstufe wirst du Bibergenannt. Was erlebst du in der Biberstufe? Der Wahlspruch der Biberstufe lautet &#8222;Mit Freude dabei\u201c. Die Biber treffen sich ein- bis zweimal pro Monat an einem Samstag und sind gemeinsam mit ihren Leitern draussen unterwegs. Auf spielerische &hellip; <a href=\"https:\/\/st-justus.ch\/?page_id=710\" class=\"more-link\"><span class=\"screen-reader-text\">Biberstufe<\/span> weiterlesen <span class=\"meta-nav\">&rarr;<\/span><\/a><\/p>\n","protected":false},"author":5,"featured_media":0,"parent":706,"menu_order":0,"comment_status":"closed","ping_status":"closed","template":"","meta":{"footnotes":""},"class_list":["post-710","page","type-page","status-publish","hentry"],"_links":{"self":[{"href":"https:\/\/st-justus.ch\/index.php?rest_route=\/wp\/v2\/pages\/710","targetHints":{"allow":["GET"]}}],"collection":[{"href":"https:\/\/st-justus.ch\/index.php?rest_route=\/wp\/v2\/pages"}],"about":[{"href":"https:\/\/st-justus.ch\/index.php?rest_route=\/wp\/v2\/types\/page"}],"author":[{"embeddable":true,"href":"https:\/\/st-justus.ch\/index.php?rest_route=\/wp\/v2\/users\/5"}],"replies":[{"embeddable":true,"href":"https:\/\/st-justus.ch\/index.php?rest_route=%2Fwp%2Fv2%2Fcomments&post=710"}],"version-history":[{"count":27,"href":"https:\/\/st-justus.ch\/index.php?rest_route=\/wp\/v2\/pages\/710\/revisions"}],"predecessor-version":[{"id":4974,"href":"https:\/\/st-justus.ch\/index.php?rest_route=\/wp\/v2\/pages\/710\/revisions\/4974"}],"up":[{"embeddable":true,"href":"https:\/\/st-justus.ch\/index.php?rest_route=\/wp\/v2\/pages\/706"}],"wp:attachment":[{"href":"https:\/\/st-justus.ch\/index.php?rest_route=%2Fwp%2Fv2%2Fmedia&parent=710"}],"curies":[{"name":"wp","href":"https:\/\/api.w.org\/{rel}","templated":true}]}}