{"id":702,"date":"2016-04-03T13:35:29","date_gmt":"2016-04-03T13:35:29","guid":{"rendered":"http:\/\/st-justus.ch\/?page_id=702"},"modified":"2024-05-31T19:53:36","modified_gmt":"2024-05-31T19:53:36","slug":"abteilungsleiter","status":"publish","type":"page","link":"https:\/\/st-justus.ch\/?page_id=702","title":{"rendered":"Abteilungsleiter"},"content":{"rendered":"\n<p>Die Abteilungsleiter haben viele unterschiedliche Aufgaben in der Abteilung und im Leiterteam. Sie sind verantwortlich f\u00fcr administrative Aufgaben, f\u00fcr den Teamzusammenhalt und -koordination, sie sind das Bindeglied zu anderen Abteilungen, zum Kantonverband und auch zum Bund, sie haben die \u00dcbersicht \u00fcber die Abteilung und noch vieles mehr.<\/p>\n\n\n\n<figure class=\"wp-block-image\"><img loading=\"lazy\" decoding=\"async\" width=\"1024\" height=\"768\" src=\"https:\/\/st-justus.ch\/wp-content\/uploads\/2021\/04\/20210424_190504-1024x768.jpg\" alt=\"\" class=\"wp-image-3291\" srcset=\"https:\/\/st-justus.ch\/wp-content\/uploads\/2021\/04\/20210424_190504-1024x768.jpg 1024w, https:\/\/st-justus.ch\/wp-content\/uploads\/2021\/04\/20210424_190504-300x225.jpg 300w, https:\/\/st-justus.ch\/wp-content\/uploads\/2021\/04\/20210424_190504-768x576.jpg 768w\" sizes=\"auto, (max-width: 1024px) 100vw, 1024px\" \/><\/figure>\n\n\n\n<div class=\"wp-block-columns has-2-columns is-layout-flex wp-container-core-columns-is-layout-9d6595d7 wp-block-columns-is-layout-flex\">\n<div class=\"wp-block-column is-layout-flow wp-block-column-is-layout-flow\">\n<p class=\"has-text-align-center\"><strong>No\u00ebl Aschwanden\u00a0\/\u00a0Smiley<\/strong><br>Verantwortlich: Biber und W\u00f6lfe<\/p>\n<\/div>\n\n\n\n<div class=\"wp-block-column is-layout-flow wp-block-column-is-layout-flow\">\n<p class=\"has-text-align-center\"><strong>Tania\u00a0Monteiro\u00a0\/\u00a0Kaja<\/strong><br>Verantwortlich: Pfader und Pios<\/p>\n<\/div>\n<\/div>\n\n\n\n<p class=\"has-text-align-center\"><a href=\"mailto:abteilungsleitung@st-justus.ch\">abteilungsleitung@st-justus.ch<\/a><\/p>\n","protected":false},"excerpt":{"rendered":"<p>Die Abteilungsleiter haben viele unterschiedliche Aufgaben in der Abteilung und im Leiterteam. Sie sind verantwortlich f\u00fcr administrative Aufgaben, f\u00fcr den Teamzusammenhalt und -koordination, sie sind das Bindeglied zu anderen Abteilungen, zum Kantonverband und auch zum Bund, sie haben die \u00dcbersicht \u00fcber die Abteilung und noch vieles mehr. No\u00ebl Aschwanden\u00a0\/\u00a0SmileyVerantwortlich: Biber und W\u00f6lfe Tania\u00a0Monteiro\u00a0\/\u00a0KajaVerantwortlich: Pfader und &hellip; <a href=\"https:\/\/st-justus.ch\/?page_id=702\" class=\"more-link\"><span class=\"screen-reader-text\">Abteilungsleiter<\/span> weiterlesen <span class=\"meta-nav\">&rarr;<\/span><\/a><\/p>\n","protected":false},"author":1,"featured_media":0,"parent":706,"menu_order":0,"comment_status":"closed","ping_status":"closed","template":"","meta":{"footnotes":""},"class_list":["post-702","page","type-page","status-publish","hentry"],"_links":{"self":[{"href":"https:\/\/st-justus.ch\/index.php?rest_route=\/wp\/v2\/pages\/702","targetHints":{"allow":["GET"]}}],"collection":[{"href":"https:\/\/st-justus.ch\/index.php?rest_route=\/wp\/v2\/pages"}],"about":[{"href":"https:\/\/st-justus.ch\/index.php?rest_route=\/wp\/v2\/types\/page"}],"author":[{"embeddable":true,"href":"https:\/\/st-justus.ch\/index.php?rest_route=\/wp\/v2\/users\/1"}],"replies":[{"embeddable":true,"href":"https:\/\/st-justus.ch\/index.php?rest_route=%2Fwp%2Fv2%2Fcomments&post=702"}],"version-history":[{"count":20,"href":"https:\/\/st-justus.ch\/index.php?rest_route=\/wp\/v2\/pages\/702\/revisions"}],"predecessor-version":[{"id":4624,"href":"https:\/\/st-justus.ch\/index.php?rest_route=\/wp\/v2\/pages\/702\/revisions\/4624"}],"up":[{"embeddable":true,"href":"https:\/\/st-justus.ch\/index.php?rest_route=\/wp\/v2\/pages\/706"}],"wp:attachment":[{"href":"https:\/\/st-justus.ch\/index.php?rest_route=%2Fwp%2Fv2%2Fmedia&parent=702"}],"curies":[{"name":"wp","href":"https:\/\/api.w.org\/{rel}","templated":true}]}}