{"id":6,"date":"2015-01-27T20:18:57","date_gmt":"2015-01-27T20:18:57","guid":{"rendered":"http:\/\/st-justus.ch\/\/?page_id=6"},"modified":"2025-01-07T06:58:00","modified_gmt":"2025-01-07T06:58:00","slug":"anschlag","status":"publish","type":"page","link":"https:\/\/st-justus.ch\/?page_id=6","title":{"rendered":"\u00dcbungen \/ Events"},"content":{"rendered":"<hr \/>\n<h2><a title=\"Biber\" href=\"https:\/\/st-justus.ch\/\/?page_id=30\"><strong>Biber<\/strong><\/a><\/h2>\n<h2><a title=\"1. Stufe\" href=\"https:\/\/st-justus.ch\/\/?page_id=32\"><strong>W\u00f6lfe<\/strong><\/a><\/h2>\n<h2><a title=\"2. Stufe\" href=\"https:\/\/st-justus.ch\/\/?page_id=34\"><strong>Pfader<\/strong><\/a><\/h2>\n<h2><a title=\"3. Stufe\" href=\"https:\/\/st-justus.ch\/\/?page_id=36\"><strong>Pios<\/strong><\/a><\/h2>\n<hr \/>\n<h2><a title=\"Lager\" href=\"https:\/\/st-justus.ch\/?page_id=2049\"><strong>Lager<\/strong><\/a><\/h2>\n<h2><strong><a title=\"Lager\" href=\"https:\/\/st-justus.ch\/?page_id=2054\">Alpr\u00e4umen<\/a><\/strong><\/h2>\n<hr \/>\n<h2><a href=\"https:\/\/st-justus.ch\/wp-content\/uploads\/2025\/01\/Biber-Jahresprogramm-2025.pdf\"><strong>Jahresprogramm Biber<\/strong><\/a><\/h2>\n<h2><a href=\"https:\/\/st-justus.ch\/wp-content\/uploads\/2025\/01\/Woelfe-Jahresprogramm-2025.pdf\"><strong>Jahresprogramm W\u00f6lfe<\/strong><\/a><\/h2>\n<h2><a href=\"https:\/\/st-justus.ch\/wp-content\/uploads\/2025\/01\/Pfader-Jahresprogramm-2025.pdf\"><strong>Jahresprogramm Pfader<\/strong><\/a><\/h2>\n<h2><a href=\"https:\/\/st-justus.ch\/wp-content\/uploads\/2025\/01\/Pios-Jahresprogramm-2025.pdf\"><strong>Jahresprogramm Pios<\/strong><\/a><\/h2>\n<h2><\/h2>\n<h2><a href=\"https:\/\/st-justus.ch\/?page_id=20\"><b>Google Kalender<\/b><\/a><\/h2>\n","protected":false},"excerpt":{"rendered":"<p>Biber W\u00f6lfe Pfader Pios Lager Alpr\u00e4umen Jahresprogramm Biber Jahresprogramm W\u00f6lfe Jahresprogramm Pfader Jahresprogramm Pios Google Kalender<\/p>\n","protected":false},"author":1,"featured_media":0,"parent":0,"menu_order":0,"comment_status":"closed","ping_status":"closed","template":"","meta":{"footnotes":""},"class_list":["post-6","page","type-page","status-publish","hentry"],"_links":{"self":[{"href":"https:\/\/st-justus.ch\/index.php?rest_route=\/wp\/v2\/pages\/6","targetHints":{"allow":["GET"]}}],"collection":[{"href":"https:\/\/st-justus.ch\/index.php?rest_route=\/wp\/v2\/pages"}],"about":[{"href":"https:\/\/st-justus.ch\/index.php?rest_route=\/wp\/v2\/types\/page"}],"author":[{"embeddable":true,"href":"https:\/\/st-justus.ch\/index.php?rest_route=\/wp\/v2\/users\/1"}],"replies":[{"embeddable":true,"href":"https:\/\/st-justus.ch\/index.php?rest_route=%2Fwp%2Fv2%2Fcomments&post=6"}],"version-history":[{"count":34,"href":"https:\/\/st-justus.ch\/index.php?rest_route=\/wp\/v2\/pages\/6\/revisions"}],"predecessor-version":[{"id":4924,"href":"https:\/\/st-justus.ch\/index.php?rest_route=\/wp\/v2\/pages\/6\/revisions\/4924"}],"wp:attachment":[{"href":"https:\/\/st-justus.ch\/index.php?rest_route=%2Fwp%2Fv2%2Fmedia&parent=6"}],"curies":[{"name":"wp","href":"https:\/\/api.w.org\/{rel}","templated":true}]}}