{"id":30,"date":"2015-01-28T14:10:09","date_gmt":"2015-01-28T14:10:09","guid":{"rendered":"http:\/\/st-justus.ch\/\/?page_id=30"},"modified":"2026-04-13T16:33:46","modified_gmt":"2026-04-13T16:33:46","slug":"biber","status":"publish","type":"page","link":"https:\/\/st-justus.ch\/?page_id=30","title":{"rendered":"Biber"},"content":{"rendered":"\n<h1 class=\"wp-block-heading\">25. April &#8211; 26. April 2026 Biberweekend<\/h1>\n\n\n\n<figure class=\"wp-block-table\"><table class=\"has-fixed-layout\"><tbody><tr><td>Antreten:<\/td><td>Samstag, 25. April 2026, 14:00 Uhr, Pfadihaus Flums<\/td><\/tr><tr><td>Abtreten:<\/td><td>Sonntag, 26. April 2026, 11:00 Uhr, Pfadihaus Flums<\/td><\/tr><tr><td>Motto:<\/td><td><\/td><\/tr><tr><td>Tenue:<\/td><td><\/td><\/tr><tr><td>Mitnehmen:<\/td><td>gem\u00e4ss Packliste (wird mit Einladung per E-Mail verschickt)<\/td><\/tr><tr><td>Weiteres:<\/td><td>F\u00fcr Fragen steht euch Cirrus unter der Nummer 079 963 04 62 gerne zur Verf\u00fcgung.<\/td><\/tr><\/tbody><\/table><\/figure>\n\n\n\n<hr class=\"wp-block-separator has-alpha-channel-opacity\"\/>\n\n\n\n<h2 class=\"wp-block-heading\">Guet Fr\u00fcnd<\/h2>\n\n\n\n<h2 class=\"wp-block-heading\">Euer Biberleitungsteam<\/h2>\n\n\n\n<h2 class=\"wp-block-heading\">&nbsp;<\/h2>\n\n\n\n<h2 class=\"wp-block-heading\">&nbsp;<\/h2>\n\n\n\n<p><iframe loading=\"lazy\" style=\"border: 0;\" src=\"https:\/\/calendar.google.com\/calendar\/embed?src=7enqe3mj84qfvisr99rcdbdij4%40group.calendar.google.com&amp;ctz=Europe%2FZurich\" width=\"800\" height=\"600\" frameborder=\"0\" scrolling=\"no\"><\/iframe><\/p>\n\n\n\n<p><\/p>\n","protected":false},"excerpt":{"rendered":"<p>25. April &#8211; 26. April 2026 Biberweekend Antreten: Samstag, 25. April 2026, 14:00 Uhr, Pfadihaus Flums Abtreten: Sonntag, 26. April 2026, 11:00 Uhr, Pfadihaus Flums Motto: Tenue: Mitnehmen: gem\u00e4ss Packliste (wird mit Einladung per E-Mail verschickt) Weiteres: F\u00fcr Fragen steht euch Cirrus unter der Nummer 079 963 04 62 gerne zur Verf\u00fcgung. Guet Fr\u00fcnd Euer &hellip; <a href=\"https:\/\/st-justus.ch\/?page_id=30\" class=\"more-link\"><span class=\"screen-reader-text\">Biber<\/span> weiterlesen <span class=\"meta-nav\">&rarr;<\/span><\/a><\/p>\n","protected":false},"author":4,"featured_media":0,"parent":6,"menu_order":0,"comment_status":"closed","ping_status":"closed","template":"","meta":{"footnotes":""},"class_list":["post-30","page","type-page","status-publish","hentry"],"_links":{"self":[{"href":"https:\/\/st-justus.ch\/index.php?rest_route=\/wp\/v2\/pages\/30","targetHints":{"allow":["GET"]}}],"collection":[{"href":"https:\/\/st-justus.ch\/index.php?rest_route=\/wp\/v2\/pages"}],"about":[{"href":"https:\/\/st-justus.ch\/index.php?rest_route=\/wp\/v2\/types\/page"}],"author":[{"embeddable":true,"href":"https:\/\/st-justus.ch\/index.php?rest_route=\/wp\/v2\/users\/4"}],"replies":[{"embeddable":true,"href":"https:\/\/st-justus.ch\/index.php?rest_route=%2Fwp%2Fv2%2Fcomments&post=30"}],"version-history":[{"count":348,"href":"https:\/\/st-justus.ch\/index.php?rest_route=\/wp\/v2\/pages\/30\/revisions"}],"predecessor-version":[{"id":5328,"href":"https:\/\/st-justus.ch\/index.php?rest_route=\/wp\/v2\/pages\/30\/revisions\/5328"}],"up":[{"embeddable":true,"href":"https:\/\/st-justus.ch\/index.php?rest_route=\/wp\/v2\/pages\/6"}],"wp:attachment":[{"href":"https:\/\/st-justus.ch\/index.php?rest_route=%2Fwp%2Fv2%2Fmedia&parent=30"}],"curies":[{"name":"wp","href":"https:\/\/api.w.org\/{rel}","templated":true}]}}