{"id":2533,"date":"2020-06-20T12:09:27","date_gmt":"2020-06-20T12:09:27","guid":{"rendered":"http:\/\/st-justus.ch\/?page_id=2533"},"modified":"2020-06-22T16:19:06","modified_gmt":"2020-06-22T16:19:06","slug":"uebungen","status":"publish","type":"page","link":"https:\/\/st-justus.ch\/?page_id=2533","title":{"rendered":"\u00dcbungen"},"content":{"rendered":"\n<h4 class=\"wp-block-heading\">Was ist eine Pfadi \u00dcbung?<\/h4>\n\n\n\n<p>Pfadi \u00dcbungen finden jeweils an einem Samstag Morgen oder Nachmittag statt. Bei diesen \u00dcbungen lernen die Kinder den Umgang mit der Natur und Mitmenschen. Sie spielen Spiele, lernen Pfaditechnik und verbringen Zeit mit ihren Freunden.<\/p>\n\n\n\n<h4 class=\"wp-block-heading\">Wo finde ich Informationen \u00fcber die n\u00e4chste \u00dcbung?<\/h4>\n\n\n\n<p>Alle \u00dcbungen werden bereits zu Beginn des Jahres mit dem Jahresprogramm kommuniziert. Dieses Jahresprogramm findest du auch auf unserer Webseite unter <em>\u00dcbungen \/ Events.<\/em><\/p>\n\n\n\n<p>Die Informationen werden auf unserer Webseite unter \u00dcbungen \/ Events und die entsprechende Stufe, von den Leitern am Dienstag vor der \u00dcbung zur Verf\u00fcgung gestellt. Diese Seite nennt man auch Anschlag.<\/p>\n\n\n\n<div class=\"wp-block-columns has-4-columns is-layout-flex wp-container-core-columns-is-layout-9d6595d7 wp-block-columns-is-layout-flex\">\n<div class=\"wp-block-column is-layout-flow wp-block-column-is-layout-flow\">\n<div class=\"wp-block-button aligncenter is-style-outline is-style-outline--1\"><a class=\"wp-block-button__link\" href=\"https:\/\/st-justus.ch\/?page_id=30\">Biber<\/a><\/div>\n<\/div>\n\n\n\n<div class=\"wp-block-column is-layout-flow wp-block-column-is-layout-flow\">\n<div class=\"wp-block-button aligncenter is-style-outline is-style-outline--2\"><a class=\"wp-block-button__link\" href=\"https:\/\/st-justus.ch\/?page_id=32\">W\u00f6lfe<\/a><\/div>\n<\/div>\n\n\n\n<div class=\"wp-block-column is-layout-flow wp-block-column-is-layout-flow\">\n<div class=\"wp-block-button aligncenter is-style-outline is-style-outline--3\"><a class=\"wp-block-button__link\" href=\"https:\/\/st-justus.ch\/?page_id=34\">Pfader<\/a><\/div>\n<\/div>\n\n\n\n<div class=\"wp-block-column is-layout-flow wp-block-column-is-layout-flow\">\n<div class=\"wp-block-button aligncenter is-style-outline is-style-outline--4\"><a class=\"wp-block-button__link\" href=\"https:\/\/st-justus.ch\/?page_id=36\">Pios<\/a><\/div>\n<\/div>\n<\/div>\n\n\n\n<h4 class=\"wp-block-heading\">Kann ich bei der Pfadi schnuppern kommen?<\/h4>\n\n\n\n<p>Nat\u00fcrlich. H\u00e4ufig gibt es spezielle Schnupperanl\u00e4sse. Es besteht aber auf Anfrage die M\u00f6glichkeit an zwei, drei Samstagen bei den Pfadiaktivit\u00e4ten mitzumachen. Kontaktiere daf\u00fcr die Abteilungsleitung.<\/p>\n\n\n\n<div class=\"wp-block-button aligncenter is-style-outline is-style-outline--5\"><a class=\"wp-block-button__link\" href=\"https:\/\/st-justus.ch\/?page_id=702\">Abteilungsleitung<\/a><\/div>\n\n\n\n<h4 class=\"wp-block-heading\">Muss ich jeden Samstag in die Pfadi kommen?<\/h4>\n\n\n\n<p>Nein, wenn du jedoch regelm\u00e4ssig in die Pfadi gehst, dann hast du auch mehr davon und du wirst dich schneller wohlf\u00fchlen in der Gruppe. Zudem macht Pfadi mehr Spass, wenn viele Pfadis mit dabei sind.<br>Jedoch kann es immer vorkommen dass etwas dazwischen kommt. Melde dich doch in diesem Fall bei einem Abteilungs- oder Stufenleiter ab.<\/p>\n\n\n\n<h4 class=\"wp-block-heading\">Was ist Wetterentsprechende Kleidung?<\/h4>\n\n\n\n<p>Im Anschlag wird fast immer von Wetterentsprechende Kleidung gesprochen. Was bedeutet dies genau?<\/p>\n\n\n\n<p>Es ist wichtig das die Pfadis Kleidung anziehen die dreckig und manchmal auch kaputt gehen darf. \u00dcbungen k\u00f6nnen bei jedem Wetter stattfinden, also ist es wichtig, dass du bei kaltem und nassem Wetter warme und wasserdichte Kleidung tr\u00e4gst und auch entsprechende Schuhe. <br>Bei gutem Wetter ist wichtig an Sonnencreme und einen Sonnenhut zu denken. Auch bei gutem Wetter braucht es gute Trekking oder Bergschuhe.<\/p>\n\n\n\n<h4 class=\"wp-block-heading\">Was ist SBB?<\/h4>\n\n\n\n<p>SBB steht f\u00fcr Schnur, Block &amp; Bleistift. Dies geh\u00f6rt zur Ausr\u00fcstung f\u00fcr jeden Pfadi. <\/p>\n","protected":false},"excerpt":{"rendered":"<p>Was ist eine Pfadi \u00dcbung? Pfadi \u00dcbungen finden jeweils an einem Samstag Morgen oder Nachmittag statt. Bei diesen \u00dcbungen lernen die Kinder den Umgang mit der Natur und Mitmenschen. Sie spielen Spiele, lernen Pfaditechnik und verbringen Zeit mit ihren Freunden. Wo finde ich Informationen \u00fcber die n\u00e4chste \u00dcbung? Alle \u00dcbungen werden bereits zu Beginn des &hellip; <a href=\"https:\/\/st-justus.ch\/?page_id=2533\" class=\"more-link\"><span class=\"screen-reader-text\">\u00dcbungen<\/span> weiterlesen <span class=\"meta-nav\">&rarr;<\/span><\/a><\/p>\n","protected":false},"author":5,"featured_media":0,"parent":0,"menu_order":0,"comment_status":"closed","ping_status":"closed","template":"","meta":{"footnotes":""},"class_list":["post-2533","page","type-page","status-publish","hentry"],"_links":{"self":[{"href":"https:\/\/st-justus.ch\/index.php?rest_route=\/wp\/v2\/pages\/2533","targetHints":{"allow":["GET"]}}],"collection":[{"href":"https:\/\/st-justus.ch\/index.php?rest_route=\/wp\/v2\/pages"}],"about":[{"href":"https:\/\/st-justus.ch\/index.php?rest_route=\/wp\/v2\/types\/page"}],"author":[{"embeddable":true,"href":"https:\/\/st-justus.ch\/index.php?rest_route=\/wp\/v2\/users\/5"}],"replies":[{"embeddable":true,"href":"https:\/\/st-justus.ch\/index.php?rest_route=%2Fwp%2Fv2%2Fcomments&post=2533"}],"version-history":[{"count":5,"href":"https:\/\/st-justus.ch\/index.php?rest_route=\/wp\/v2\/pages\/2533\/revisions"}],"predecessor-version":[{"id":2633,"href":"https:\/\/st-justus.ch\/index.php?rest_route=\/wp\/v2\/pages\/2533\/revisions\/2633"}],"wp:attachment":[{"href":"https:\/\/st-justus.ch\/index.php?rest_route=%2Fwp%2Fv2%2Fmedia&parent=2533"}],"curies":[{"name":"wp","href":"https:\/\/api.w.org\/{rel}","templated":true}]}}