{"id":2531,"date":"2020-06-20T12:09:12","date_gmt":"2020-06-20T12:09:12","guid":{"rendered":"http:\/\/st-justus.ch\/?page_id=2531"},"modified":"2020-06-22T16:24:46","modified_gmt":"2020-06-22T16:24:46","slug":"lager","status":"publish","type":"page","link":"https:\/\/st-justus.ch\/?page_id=2531","title":{"rendered":"Lager"},"content":{"rendered":"\n<h4 class=\"wp-block-heading\">Was wird unter einem Lager verstanden?<\/h4>\n\n\n\n<p>Ein Lager ist eine Pfadi\u00fcbung welche l\u00e4nger als einen Tag dauert und eine \u00dcbernachtung beinhaltet. Wir haben unter dem Jahr viele verschiedene Lager.<\/p>\n\n\n\n<p><strong>Winterweekend<\/strong><br>Ein Wochenende im Winter, meistens in einem selbstgebauten Iglu oder Schneeh\u00fctte statt und ist nur f\u00fcr Pfader und Pios. Es findet Anfangsjahr (Februar\/M\u00e4rz) statt. Dieses Weekend findet nur all zwei Jahre statt. <\/p>\n\n\n\n<p><strong>Pfila&nbsp;&amp;&nbsp;Ufla<\/strong><br><em>Pfingstlager &amp; Auffahrtslager<br><\/em>3\/4-T\u00e4giges Lager meistens im Zelt \u00fcber die Pfingsten oder Auffahrt, nur f\u00fcr Pfader und Pios.&nbsp;Dieses Lager findet in der Region statt.<\/p>\n\n\n\n<p><strong>Sola<\/strong><br><em>Sommerlager<\/em><br>1-W\u00f6chiges Lager f\u00fcr W\u00f6lfli und 2-W\u00f6chiges Lager f\u00fcr die Pfader und Pios. Meistens im Zelt in den ersten zwei Sommerferien Wochen. Dieses Lager findet \u00fcberall in der Schweiz statt. Etwa jedes 10. Lager ist ein Ausland Sola.<\/p>\n\n\n\n<p><strong>Hela<\/strong><br><em>Herbstlager<\/em><br>Wochenende meistens in einem Pfadihaus und findet nur f\u00fcr W\u00f6lfli statt. Meistens im September oder Oktober.<\/p>\n\n\n\n<p><strong>Chlausweekend<\/strong><br><em>Samichlaus&nbsp;Weekend<\/em><br>Wochenende um den 6. Dezember bei welchem der Samichlaus vorbeikommt und mit den Kinder spricht.&nbsp;Wird mit allen Stufen ausser Biber durchgef\u00fchrt.<\/p>\n\n\n\n<h4 class=\"wp-block-heading\">Was wird in einem Lager unternommen?<\/h4>\n\n\n\n<p>In Lager k\u00f6nnen alle m\u00f6glichen Aktivit\u00e4ten durchgef\u00fchrt werden. Es werden viele Spiele auf und bei dem Lagerplatz durchgef\u00fchrt. Die Pfadis gehen auch schwimmen und wandern. <br>H\u00e4ufig wird auch zusammen gekocht, gebastelt und gesungen!<br>Es werden Pfaditechniken angeschaut, gelernt und eingesetzt. Ohne Elektronik und Internet k\u00f6nnen sie ihre eigene Kreativit\u00e4t mit Materialien aus dem Wald oder aus der Bastelkiste mit ihrem neu erlernten K\u00f6nnen freien Lauf lassen. <\/p>\n\n\n\n<h4 class=\"wp-block-heading\">Was ist ein Hajk?<\/h4>\n\n\n\n<p>Die Pfaderstufe unternimmt im Sola eine kleine zweitages Wanderung ohne Leiter. <br>Nat\u00fcrlich werden die Pfadis nicht komplett auf sich selber gelassen. Vor dem Ablaufen werden die Pfadis \u00fcber die Verhaltensregeln und den Wanderweg aufgekl\u00e4rt und alle Fragen werden ihnen beantwortet. Die Leitpfadis erhalten zus\u00e4tzlich ein Notfalltelefon mit den Nummern aller Leiter. Sie melden sich bei den Leiter sobald sie an ihrem \u00dcbernachtungsplatz angekommen sind. Hier werden sie von Leitern besucht und der \u00dcbernachtungsplatz wird auf Sicherheit gepr\u00fcft. <\/p>\n\n\n\n<p>Bei Fragen zum Hajk ungeniert bei einem Abteilungsleiter melden.<\/p>\n\n\n\n<h4 class=\"wp-block-heading\">Wer nimmt den Lager teil?<\/h4>\n\n\n\n<p>In allen Lager sind Leiter dabei welche eine J+S Ausbildung durchgef\u00fchrt haben, sowie ein Lagerleiter welcher eine Weiterbildung zum Thema Planung und Sicherheit genossen hat. <br>Da es sich im Sola um ein gr\u00f6sseres Lager handelt besteht die K\u00fcche aus Eltern. Diese Eltern sind nicht nur zum kochen da sondern zur Unterst\u00fctzung der Leiter bei Fragen und allgemeinen Support. <\/p>\n\n\n\n<h4 class=\"wp-block-heading\">Was muss ich einpacken?<\/h4>\n\n\n\n<p>Bei der Lageranmeldung erh\u00e4ltst du immer eine Packliste. Eine Standart Packliste haben wir f\u00fcr dich bereits zusammen gestellt damit du genug Zeit zum organisieren hast. Diese findest du im Bereich Pfadi Ausr\u00fcstung.<\/p>\n\n\n\n<div class=\"wp-block-button aligncenter is-style-outline is-style-outline--1\"><a class=\"wp-block-button__link\" href=\"https:\/\/st-justus.ch\/?page_id=2068\">Lager Packliste<\/a><\/div>\n","protected":false},"excerpt":{"rendered":"<p>Was wird unter einem Lager verstanden? Ein Lager ist eine Pfadi\u00fcbung welche l\u00e4nger als einen Tag dauert und eine \u00dcbernachtung beinhaltet. Wir haben unter dem Jahr viele verschiedene Lager. WinterweekendEin Wochenende im Winter, meistens in einem selbstgebauten Iglu oder Schneeh\u00fctte statt und ist nur f\u00fcr Pfader und Pios. Es findet Anfangsjahr (Februar\/M\u00e4rz) statt. Dieses Weekend &hellip; <a href=\"https:\/\/st-justus.ch\/?page_id=2531\" class=\"more-link\"><span class=\"screen-reader-text\">Lager<\/span> weiterlesen <span class=\"meta-nav\">&rarr;<\/span><\/a><\/p>\n","protected":false},"author":5,"featured_media":0,"parent":0,"menu_order":0,"comment_status":"closed","ping_status":"closed","template":"","meta":{"footnotes":""},"class_list":["post-2531","page","type-page","status-publish","hentry"],"_links":{"self":[{"href":"https:\/\/st-justus.ch\/index.php?rest_route=\/wp\/v2\/pages\/2531","targetHints":{"allow":["GET"]}}],"collection":[{"href":"https:\/\/st-justus.ch\/index.php?rest_route=\/wp\/v2\/pages"}],"about":[{"href":"https:\/\/st-justus.ch\/index.php?rest_route=\/wp\/v2\/types\/page"}],"author":[{"embeddable":true,"href":"https:\/\/st-justus.ch\/index.php?rest_route=\/wp\/v2\/users\/5"}],"replies":[{"embeddable":true,"href":"https:\/\/st-justus.ch\/index.php?rest_route=%2Fwp%2Fv2%2Fcomments&post=2531"}],"version-history":[{"count":11,"href":"https:\/\/st-justus.ch\/index.php?rest_route=\/wp\/v2\/pages\/2531\/revisions"}],"predecessor-version":[{"id":2635,"href":"https:\/\/st-justus.ch\/index.php?rest_route=\/wp\/v2\/pages\/2531\/revisions\/2635"}],"wp:attachment":[{"href":"https:\/\/st-justus.ch\/index.php?rest_route=%2Fwp%2Fv2%2Fmedia&parent=2531"}],"curies":[{"name":"wp","href":"https:\/\/api.w.org\/{rel}","templated":true}]}}